{"id":63,"date":"2026-02-24T13:29:35","date_gmt":"2026-02-24T13:29:35","guid":{"rendered":"https:\/\/cenabetslot.com\/resmi\/gizlilik-politikasi\/"},"modified":"2026-02-24T13:29:35","modified_gmt":"2026-02-24T13:29:35","slug":"gizlilik-politikasi","status":"publish","type":"page","link":"https:\/\/cenabetslot.com\/resmi\/gizlilik-politikasi\/","title":{"rendered":"Gizlilik Politikas\u0131"},"content":{"rendered":"<h2>Gizlilik Politikas\u0131<\/h2>\n<p><strong>Cenabetslot.com<\/strong> slot ve resmi giri\u015f bilgisi kapsam\u0131nda ziyaret\u00e7i verilerinin g\u00fcvenli\u011fi \u00f6nemlidir. Bu metin hangi bilgilerin topland\u0131\u011f\u0131n\u0131 ve nas\u0131l i\u015flendi\u011fini a\u00e7\u0131klar.<\/p>\n<h3>Veri Toplama<\/h3>\n<p>Eri\u015fim ve teknik loglar (IP, taray\u0131c\u0131) g\u00fcvenlik ve performans amac\u0131yla tutulabilir.<\/p>\n<h3>\u00c7erezler<\/h3>\n<p>Oturum ve tercih bilgisi i\u00e7in \u00e7erezler kullan\u0131labilir; taray\u0131c\u0131 ayarlar\u0131ndan y\u00f6netilebilir.<\/p>\n<h3>Payla\u015f\u0131m<\/h3>\n<p>Toplanan veriler yasal zorunluluk d\u0131\u015f\u0131nda \u00fc\u00e7\u00fcnc\u00fc taraflara aktar\u0131lmaz.<\/p>\n<p><em>2026.<\/em><\/p>\n","protected":false},"excerpt":{"rendered":"<p>Gizlilik Politikas\u0131 Cenabetslot.com slot ve resmi giri\u015f bilgisi kapsam\u0131nda ziyaret\u00e7i verilerinin g\u00fcvenli\u011fi \u00f6nemlidir. Bu metin hangi bilgilerin topland\u0131\u011f\u0131n\u0131 ve nas\u0131l i\u015flendi\u011fini a\u00e7\u0131klar. Veri Toplama Eri\u015fim ve teknik loglar (IP, taray\u0131c\u0131) g\u00fcvenlik ve performans amac\u0131yla tutulabilir. \u00c7erezler Oturum ve tercih bilgisi i\u00e7in \u00e7erezler kullan\u0131labilir; taray\u0131c\u0131 ayarlar\u0131ndan y\u00f6netilebilir. Payla\u015f\u0131m Toplanan veriler yasal zorunluluk d\u0131\u015f\u0131nda \u00fc\u00e7\u00fcnc\u00fc taraflara aktar\u0131lmaz. &hellip;<\/p>\n","protected":false},"author":0,"featured_media":0,"parent":0,"menu_order":0,"comment_status":"closed","ping_status":"closed","template":"","meta":{"footnotes":""},"class_list":["post-63","page","type-page","status-publish",""],"yoast_head":"<!-- This site is optimized with the Yoast SEO plugin v27.0 - https:\/\/yoast.com\/product\/yoast-seo-wordpress\/ -->\n<title>Gizlilik Politikas\u0131<\/title>\n<meta name=\"robots\" content=\"index, follow, max-snippet:-1, max-image-preview:large, max-video-preview:-1\" \/>\n<link rel=\"canonical\" href=\"https:\/\/cenabetslot.com\/resmi\/gizlilik-politikasi\/\" \/>\n<meta property=\"og:locale\" content=\"tr_TR\" \/>\n<meta property=\"og:type\" content=\"article\" \/>\n<meta property=\"og:title\" content=\"Gizlilik Politikas\u0131\" \/>\n<meta property=\"og:description\" content=\"Gizlilik Politikas\u0131 Cenabetslot.com slot ve resmi giri\u015f bilgisi kapsam\u0131nda ziyaret\u00e7i verilerinin g\u00fcvenli\u011fi \u00f6nemlidir. Bu metin hangi bilgilerin topland\u0131\u011f\u0131n\u0131 ve nas\u0131l i\u015flendi\u011fini a\u00e7\u0131klar. Veri Toplama Eri\u015fim ve teknik loglar (IP, taray\u0131c\u0131) g\u00fcvenlik ve performans amac\u0131yla tutulabilir. \u00c7erezler Oturum ve tercih bilgisi i\u00e7in \u00e7erezler kullan\u0131labilir; taray\u0131c\u0131 ayarlar\u0131ndan y\u00f6netilebilir. Payla\u015f\u0131m Toplanan veriler yasal zorunluluk d\u0131\u015f\u0131nda \u00fc\u00e7\u00fcnc\u00fc taraflara aktar\u0131lmaz. &hellip;\" \/>\n<meta property=\"og:url\" content=\"https:\/\/cenabetslot.com\/resmi\/gizlilik-politikasi\/\" \/>\n<meta property=\"og:site_name\" content=\"Cenabet - Slot ve Casino Oyunlar\u0131\" \/>\n<meta property=\"og:image\" content=\"https:\/\/cenabetslot.com\/resmi\/wp-content\/uploads\/2024\/07\/CenaBetLogoY.webp\" \/>\n\t<meta property=\"og:image:width\" content=\"1200\" \/>\n\t<meta property=\"og:image:height\" content=\"675\" \/>\n\t<meta property=\"og:image:type\" content=\"image\/webp\" \/>\n<meta name=\"twitter:card\" content=\"summary_large_image\" \/>\n<script type=\"application\/ld+json\" class=\"yoast-schema-graph\">{\"@context\":\"https:\/\/schema.org\",\"@graph\":[{\"@type\":\"WebPage\",\"@id\":\"https:\/\/cenabetslot.com\/resmi\/gizlilik-politikasi\/\",\"url\":\"https:\/\/cenabetslot.com\/resmi\/gizlilik-politikasi\/\",\"name\":\"Gizlilik Politikas\u0131\",\"isPartOf\":{\"@id\":\"https:\/\/cenabetslot.com\/resmi\/#website\"},\"datePublished\":\"2026-02-24T13:29:35+00:00\",\"breadcrumb\":{\"@id\":\"https:\/\/cenabetslot.com\/resmi\/gizlilik-politikasi\/#breadcrumb\"},\"inLanguage\":\"tr\",\"potentialAction\":[{\"@type\":\"ReadAction\",\"target\":[\"https:\/\/cenabetslot.com\/resmi\/gizlilik-politikasi\/\"]}]},{\"@type\":\"BreadcrumbList\",\"@id\":\"https:\/\/cenabetslot.com\/resmi\/gizlilik-politikasi\/#breadcrumb\",\"itemListElement\":[{\"@type\":\"ListItem\",\"position\":1,\"name\":\"Anasayfa\",\"item\":\"https:\/\/cenabetslot.com\/resmi\/\"},{\"@type\":\"ListItem\",\"position\":2,\"name\":\"Gizlilik Politikas\u0131\"}]},{\"@type\":\"WebSite\",\"@id\":\"https:\/\/cenabetslot.com\/resmi\/#website\",\"url\":\"https:\/\/cenabetslot.com\/resmi\/\",\"name\":\"Cenabet Slot\",\"description\":\"\",\"publisher\":{\"@id\":\"https:\/\/cenabetslot.com\/resmi\/#organization\"},\"alternateName\":\"Cenabet\",\"potentialAction\":[{\"@type\":\"SearchAction\",\"target\":{\"@type\":\"EntryPoint\",\"urlTemplate\":\"https:\/\/cenabetslot.com\/resmi\/?s={search_term_string}\"},\"query-input\":{\"@type\":\"PropertyValueSpecification\",\"valueRequired\":true,\"valueName\":\"search_term_string\"}}],\"inLanguage\":\"tr\"},{\"@type\":\"Organization\",\"@id\":\"https:\/\/cenabetslot.com\/resmi\/#organization\",\"name\":\"Cenabet Slot\",\"alternateName\":\"Cenabet\",\"url\":\"https:\/\/cenabetslot.com\/resmi\/\",\"logo\":{\"@type\":\"ImageObject\",\"inLanguage\":\"tr\",\"@id\":\"https:\/\/cenabetslot.com\/resmi\/#\/schema\/logo\/image\/\",\"url\":\"https:\/\/cenabetslot.com\/wp-content\/uploads\/2024\/07\/CenaBetLogoK.webp\",\"contentUrl\":\"https:\/\/cenabetslot.com\/wp-content\/uploads\/2024\/07\/CenaBetLogoK.webp\",\"width\":696,\"height\":696,\"caption\":\"Cenabet Slot\"},\"image\":{\"@id\":\"https:\/\/cenabetslot.com\/resmi\/#\/schema\/logo\/image\/\"}}]}<\/script>\n<!-- \/ Yoast SEO plugin. -->","yoast_head_json":{"title":"Gizlilik Politikas\u0131","robots":{"index":"index","follow":"follow","max-snippet":"max-snippet:-1","max-image-preview":"max-image-preview:large","max-video-preview":"max-video-preview:-1"},"canonical":"https:\/\/cenabetslot.com\/resmi\/gizlilik-politikasi\/","og_locale":"tr_TR","og_type":"article","og_title":"Gizlilik Politikas\u0131","og_description":"Gizlilik Politikas\u0131 Cenabetslot.com slot ve resmi giri\u015f bilgisi kapsam\u0131nda ziyaret\u00e7i verilerinin g\u00fcvenli\u011fi \u00f6nemlidir. Bu metin hangi bilgilerin topland\u0131\u011f\u0131n\u0131 ve nas\u0131l i\u015flendi\u011fini a\u00e7\u0131klar. Veri Toplama Eri\u015fim ve teknik loglar (IP, taray\u0131c\u0131) g\u00fcvenlik ve performans amac\u0131yla tutulabilir. \u00c7erezler Oturum ve tercih bilgisi i\u00e7in \u00e7erezler kullan\u0131labilir; taray\u0131c\u0131 ayarlar\u0131ndan y\u00f6netilebilir. Payla\u015f\u0131m Toplanan veriler yasal zorunluluk d\u0131\u015f\u0131nda \u00fc\u00e7\u00fcnc\u00fc taraflara aktar\u0131lmaz. &hellip;","og_url":"https:\/\/cenabetslot.com\/resmi\/gizlilik-politikasi\/","og_site_name":"Cenabet - Slot ve Casino Oyunlar\u0131","og_image":[{"width":1200,"height":675,"url":"https:\/\/cenabetslot.com\/resmi\/wp-content\/uploads\/2024\/07\/CenaBetLogoY.webp","type":"image\/webp"}],"twitter_card":"summary_large_image","schema":{"@context":"https:\/\/schema.org","@graph":[{"@type":"WebPage","@id":"https:\/\/cenabetslot.com\/resmi\/gizlilik-politikasi\/","url":"https:\/\/cenabetslot.com\/resmi\/gizlilik-politikasi\/","name":"Gizlilik Politikas\u0131","isPartOf":{"@id":"https:\/\/cenabetslot.com\/resmi\/#website"},"datePublished":"2026-02-24T13:29:35+00:00","breadcrumb":{"@id":"https:\/\/cenabetslot.com\/resmi\/gizlilik-politikasi\/#breadcrumb"},"inLanguage":"tr","potentialAction":[{"@type":"ReadAction","target":["https:\/\/cenabetslot.com\/resmi\/gizlilik-politikasi\/"]}]},{"@type":"BreadcrumbList","@id":"https:\/\/cenabetslot.com\/resmi\/gizlilik-politikasi\/#breadcrumb","itemListElement":[{"@type":"ListItem","position":1,"name":"Anasayfa","item":"https:\/\/cenabetslot.com\/resmi\/"},{"@type":"ListItem","position":2,"name":"Gizlilik Politikas\u0131"}]},{"@type":"WebSite","@id":"https:\/\/cenabetslot.com\/resmi\/#website","url":"https:\/\/cenabetslot.com\/resmi\/","name":"Cenabet Slot","description":"","publisher":{"@id":"https:\/\/cenabetslot.com\/resmi\/#organization"},"alternateName":"Cenabet","potentialAction":[{"@type":"SearchAction","target":{"@type":"EntryPoint","urlTemplate":"https:\/\/cenabetslot.com\/resmi\/?s={search_term_string}"},"query-input":{"@type":"PropertyValueSpecification","valueRequired":true,"valueName":"search_term_string"}}],"inLanguage":"tr"},{"@type":"Organization","@id":"https:\/\/cenabetslot.com\/resmi\/#organization","name":"Cenabet Slot","alternateName":"Cenabet","url":"https:\/\/cenabetslot.com\/resmi\/","logo":{"@type":"ImageObject","inLanguage":"tr","@id":"https:\/\/cenabetslot.com\/resmi\/#\/schema\/logo\/image\/","url":"https:\/\/cenabetslot.com\/wp-content\/uploads\/2024\/07\/CenaBetLogoK.webp","contentUrl":"https:\/\/cenabetslot.com\/wp-content\/uploads\/2024\/07\/CenaBetLogoK.webp","width":696,"height":696,"caption":"Cenabet Slot"},"image":{"@id":"https:\/\/cenabetslot.com\/resmi\/#\/schema\/logo\/image\/"}}]}},"_links":{"self":[{"href":"https:\/\/cenabetslot.com\/resmi\/wp-json\/wp\/v2\/pages\/63","targetHints":{"allow":["GET"]}}],"collection":[{"href":"https:\/\/cenabetslot.com\/resmi\/wp-json\/wp\/v2\/pages"}],"about":[{"href":"https:\/\/cenabetslot.com\/resmi\/wp-json\/wp\/v2\/types\/page"}],"replies":[{"embeddable":true,"href":"https:\/\/cenabetslot.com\/resmi\/wp-json\/wp\/v2\/comments?post=63"}],"version-history":[{"count":0,"href":"https:\/\/cenabetslot.com\/resmi\/wp-json\/wp\/v2\/pages\/63\/revisions"}],"wp:attachment":[{"href":"https:\/\/cenabetslot.com\/resmi\/wp-json\/wp\/v2\/media?parent=63"}],"curies":[{"name":"wp","href":"https:\/\/api.w.org\/{rel}","templated":true}]}}